{"id":662,"date":"2022-08-14T06:14:36","date_gmt":"2022-08-14T06:14:36","guid":{"rendered":"http:\/\/pontoniere-eglisau.ch\/?page_id=662"},"modified":"2022-08-14T06:14:36","modified_gmt":"2022-08-14T06:14:36","slug":"passivmitgliedschaft","status":"publish","type":"page","link":"https:\/\/www.pontoniere-eglisau.ch\/?page_id=662","title":{"rendered":"Passivmitgliedschaft"},"content":{"rendered":"\n<p>Wie so viele Vereine wird auch unser Verein nur durch seine Mitglieder lebendig.<br>M\u00f6chtest Du uns in vielf\u00e4ltiger Art und Weise unterst\u00fctzen?<br>Dann werde ein Passivmitglied. Ab einem Beitrag von Fr. 25.- k\u00f6nnen Sie bei uns Passivmitglied werden. Mit dem untenstehenden Formular kannst Du Dich ganz einfach registrieren und ein Teil von unserer Pontonier-Gemeinschaft werden.<\/p>\n\n\n<div class=\"frm_forms  with_frm_style frm_style_formidable-style\" id=\"frm_form_2_container\" data-token=\"1301354ad415721cb0d361e2f8c71d0c\">\n<form enctype=\"multipart\/form-data\" method=\"post\" class=\"frm-show-form \" id=\"form_passivmitglied\" data-token=\"1301354ad415721cb0d361e2f8c71d0c\">\n<div class=\"frm_form_fields \">\n<fieldset>\n<legend class=\"frm_screen_reader\">Passivmitglied<\/legend>\n\n<div class=\"frm_fields_container\">\n<input type=\"hidden\" name=\"frm_action\" value=\"create\" \/>\n<input type=\"hidden\" name=\"form_id\" value=\"2\" \/>\n<input type=\"hidden\" name=\"frm_hide_fields_2\" id=\"frm_hide_fields_2\" value=\"\" \/>\n<input type=\"hidden\" name=\"form_key\" value=\"passivmitglied\" \/>\n<input type=\"hidden\" name=\"item_meta[0]\" value=\"\" \/>\n<input type=\"hidden\" id=\"frm_submit_entry_2\" name=\"frm_submit_entry_2\" value=\"2202e1d0bb\" \/><input type=\"hidden\" name=\"_wp_http_referer\" value=\"\/index.php?rest_route=%2Fwp%2Fv2%2Fpages%2F662\" \/><div id=\"frm_field_6_container\" class=\"frm_form_field form-field  frm_required_field frm_top_container\">\n    <div  id=\"field_a1srb_label\" class=\"frm_primary_label\">Name\n        <span class=\"frm_required\" aria-hidden=\"true\">*<\/span>\n    <\/div>\n    <fieldset aria-labelledby=\"field_a1srb_label\">\n\t<legend class=\"frm_screen_reader frm_hidden\">\n\t\tName\t<\/legend>\n\n\t<div  class=\"frm_combo_inputs_container\" id=\"frm_combo_inputs_container_6\" data-name-layout=\"first_last\">\n\t\t\t\t\t<div\n\t\t\t\tid=\"frm_field_6-first_container\"\n\t\t\t\tclass=\"frm_form_field form-field frm_form_subfield-first  frm6\"\n\t\t\t\tdata-sub-field-name=\"first\"\n\t\t\t>\n\t\t\t\t<label for=\"field_a1srb_first\" class=\"frm_screen_reader frm_hidden\">\n\t\t\t\t\tVorname\t\t\t\t<\/label>\n\n\t\t\t\t<input  type=\"text\" id=\"field_a1srb_first\" value=\"\" name=\"item_meta[6][first]\" autocomplete=\"given-name\" data-reqmsg=\"Name kann nicht leer sein.\" aria-required=\"true\" data-invmsg=\"Name ist ung\u00fcltig\" aria-invalid=\"false\"  \/><div class=\"frm_description\" id=\"frm_field_6_first_desc\">Vorname<\/div>\t\t\t<\/div>\n\t\t\t\t\t\t<div\n\t\t\t\tid=\"frm_field_6-last_container\"\n\t\t\t\tclass=\"frm_form_field form-field frm_form_subfield-last  frm6\"\n\t\t\t\tdata-sub-field-name=\"last\"\n\t\t\t>\n\t\t\t\t<label for=\"field_a1srb_last\" class=\"frm_screen_reader frm_hidden\">\n\t\t\t\t\tNachname\t\t\t\t<\/label>\n\n\t\t\t\t<input  type=\"text\" id=\"field_a1srb_last\" value=\"\" name=\"item_meta[6][last]\" autocomplete=\"family-name\" data-reqmsg=\"Name kann nicht leer sein.\" aria-required=\"true\" data-invmsg=\"Name ist ung\u00fcltig\" aria-invalid=\"false\"  \/><div class=\"frm_description\" id=\"frm_field_6_last_desc\">Nachname<\/div>\t\t\t<\/div>\n\t\t\t\t<\/div>\n<\/fieldset>\n\n    \n    \n<\/div>\n<div id=\"frm_field_14_container\" class=\"frm_form_field form-field  frm_required_field frm_top_container\">\n    <label for=\"field_c9z1b\" id=\"field_c9z1b_label\" class=\"frm_primary_label\">Adresse\n        <span class=\"frm_required\" aria-hidden=\"true\">*<\/span>\n    <\/label>\n    <input type=\"text\" id=\"field_c9z1b\" name=\"item_meta[14]\" value=\"\"  data-reqmsg=\"Adresse kann nicht leer sein.\" aria-required=\"true\" data-invmsg=\"Text ist ung\u00fcltig\" aria-invalid=\"false\"  \/>\n    \n    \n<\/div>\n<div id=\"frm_field_15_container\" class=\"frm_form_field form-field  frm_required_field frm_top_container\">\n    <label for=\"field_6da2n\" id=\"field_6da2n_label\" class=\"frm_primary_label\">PLZ \/ Ort\n        <span class=\"frm_required\" aria-hidden=\"true\">*<\/span>\n    <\/label>\n    <input type=\"text\" id=\"field_6da2n\" name=\"item_meta[15]\" value=\"\"  data-reqmsg=\"PLZ \/ Ort kann nicht leer sein.\" aria-required=\"true\" data-invmsg=\"Text ist ung\u00fcltig\" aria-invalid=\"false\"  \/>\n    \n    \n<\/div>\n<div id=\"frm_field_8_container\" class=\"frm_form_field form-field  frm_required_field frm_top_container frm12 frm_first\">\n    <label for=\"field_bvsi1\" id=\"field_bvsi1_label\" class=\"frm_primary_label\">Telefon\n        <span class=\"frm_required\" aria-hidden=\"true\">*<\/span>\n    <\/label>\n    <input type=\"tel\" id=\"field_bvsi1\" name=\"item_meta[8]\" value=\"\"  data-reqmsg=\"Telefon kann nicht leer sein.\" aria-required=\"true\" data-invmsg=\"Telefon ist ung\u00fcltig\" aria-invalid=\"false\" pattern=\"((\\+\\d{1,3}(-|.| )?\\(?\\d\\)?(-| |.)?\\d{1,5})|(\\(?\\d{2,6}\\)?))(-|.| )?(\\d{3,4})(-|.| )?(\\d{4})(( x| ext)\\d{1,5}){0,1}$\"  \/>\n    \n    \n<\/div>\n<div id=\"frm_field_9_container\" class=\"frm_form_field form-field  frm_required_field frm_top_container frm12 frm_first\">\n    <label for=\"field_ef3wi\" id=\"field_ef3wi_label\" class=\"frm_primary_label\">E-Mail\n        <span class=\"frm_required\" aria-hidden=\"true\">*<\/span>\n    <\/label>\n    <input type=\"email\" id=\"field_ef3wi\" name=\"item_meta[9]\" value=\"\"  data-reqmsg=\"E-Mail kann nicht leer sein.\" aria-required=\"true\" data-invmsg=\"E-Mail ist ung\u00fcltig\" aria-invalid=\"false\"  \/>\n    \n    \n<\/div>\n<div id=\"frm_field_16_container\" class=\"frm_form_field form-field  frm_top_container\">\n    <label for=\"field_tnl85\" id=\"field_tnl85_label\" class=\"frm_primary_label\">Text\n        <span class=\"frm_required\" aria-hidden=\"true\"><\/span>\n    <\/label>\n    <input type=\"text\" id=\"field_tnl85\" name=\"item_meta[16]\" value=\"\"  data-invmsg=\"Text ist ung\u00fcltig\" aria-invalid=\"false\"  \/>\n    \n    \n<\/div>\n<div id=\"frm_field_12_container\" class=\"frm_form_field form-field  frm_none_container\">\n    <label for=\"g-recaptcha-response\" id=\"field_spxe9_label\" class=\"frm_primary_label\">reCAPTCHA\n        <span class=\"frm_required\" aria-hidden=\"true\"><\/span>\n    <\/label>\n    \n    \n    \n<\/div>\n<div id=\"frm_field_17_container\" class=\"frm_form_field form-field \">\n\t<div class=\"frm_submit\">\n\n<button class=\"frm_button_submit\" type=\"submit\"  >Senden<\/button>\n\n\n<\/div>\n<\/div>\n\t<input type=\"hidden\" name=\"item_key\" value=\"\" \/>\n\t\t\t<div id=\"frm_field_18_container\">\n\t\t\t<label for=\"field_rb6b6\" >\n\t\t\t\tFalls Du menschlich bist, lasse dieses Feld leer.\t\t\t<\/label>\n\t\t\t<input  id=\"field_rb6b6\" type=\"text\" class=\"frm_form_field form-field frm_verify\" name=\"item_meta[18]\" value=\"\"  \/>\n\t\t<\/div>\n\t\t<input name=\"frm_state\" type=\"hidden\" value=\"8z+jgSU3d6YXupADOOQb4qievbRnrxQN1oqFomo7YuQ=\" \/><\/div>\n<\/fieldset>\n<\/div>\n\n<\/form>\n<\/div>\n","protected":false},"excerpt":{"rendered":"<p>Wie so viele Vereine wird auch unser Verein nur durch seine Mitglieder lebendig.M\u00f6chtest Du uns in vielf\u00e4ltiger Art und Weise unterst\u00fctzen?Dann werde ein Passivmitglied. Ab einem Beitrag von Fr. 25.- k\u00f6nnen Sie bei uns Passivmitglied werden. Mit dem untenstehenden Formular kannst Du Dich ganz einfach registrieren und ein Teil von unserer Pontonier-Gemeinschaft werden.<\/p>\n","protected":false},"author":3,"featured_media":0,"parent":0,"menu_order":0,"comment_status":"closed","ping_status":"closed","template":"","meta":{"footnotes":""},"class_list":["post-662","page","type-page","status-publish","hentry"],"_links":{"self":[{"href":"https:\/\/www.pontoniere-eglisau.ch\/index.php?rest_route=\/wp\/v2\/pages\/662","targetHints":{"allow":["GET"]}}],"collection":[{"href":"https:\/\/www.pontoniere-eglisau.ch\/index.php?rest_route=\/wp\/v2\/pages"}],"about":[{"href":"https:\/\/www.pontoniere-eglisau.ch\/index.php?rest_route=\/wp\/v2\/types\/page"}],"author":[{"embeddable":true,"href":"https:\/\/www.pontoniere-eglisau.ch\/index.php?rest_route=\/wp\/v2\/users\/3"}],"replies":[{"embeddable":true,"href":"https:\/\/www.pontoniere-eglisau.ch\/index.php?rest_route=%2Fwp%2Fv2%2Fcomments&post=662"}],"version-history":[{"count":8,"href":"https:\/\/www.pontoniere-eglisau.ch\/index.php?rest_route=\/wp\/v2\/pages\/662\/revisions"}],"predecessor-version":[{"id":674,"href":"https:\/\/www.pontoniere-eglisau.ch\/index.php?rest_route=\/wp\/v2\/pages\/662\/revisions\/674"}],"wp:attachment":[{"href":"https:\/\/www.pontoniere-eglisau.ch\/index.php?rest_route=%2Fwp%2Fv2%2Fmedia&parent=662"}],"curies":[{"name":"wp","href":"https:\/\/api.w.org\/{rel}","templated":true}]}}