{"id":53,"date":"2018-03-28T10:47:58","date_gmt":"2018-03-28T10:47:58","guid":{"rendered":"http:\/\/pontoniere-eglisau.ch\/?page_id=53"},"modified":"2022-06-19T12:35:57","modified_gmt":"2022-06-19T12:35:57","slug":"verein","status":"publish","type":"page","link":"https:\/\/www.pontoniere-eglisau.ch\/?page_id=53","title":{"rendered":"Verein"},"content":{"rendered":"<p><img loading=\"lazy\" decoding=\"async\" class=\"alignnone size-medium wp-image-67\" src=\"https:\/\/www.pontoniere-eglisau.ch\/wp-content\/uploads\/2018\/03\/Logo-267x300.png\" alt=\"\" width=\"267\" height=\"300\" srcset=\"https:\/\/www.pontoniere-eglisau.ch\/wp-content\/uploads\/2018\/03\/Logo-267x300.png 267w, https:\/\/www.pontoniere-eglisau.ch\/wp-content\/uploads\/2018\/03\/Logo-768x861.png 768w, https:\/\/www.pontoniere-eglisau.ch\/wp-content\/uploads\/2018\/03\/Logo.png 847w\" sizes=\"auto, (max-width: 267px) 100vw, 267px\" \/><\/p>\n<p><strong>Wer sind wir?<br \/>\n<\/strong>Die Gr\u00fcndung geht ins Jahr 1886 zur\u00fcck. Damals unter dem Namen &#8222;Rhein-Club Eglisau&#8220;. Mit dem Beitritt zum Schweizerischen Verband der Pontonier-Fahrvereine im Jahr 1908 erfolgte die Namens\u00e4nderung vom &#8222;Rhein-Club Eglisau zum &#8222;Pontonier Fahrverein Eglisau&#8220;<br \/>\nHeute geh\u00f6rt der Verein, mit seinen rund 40 Aktivmitgliedern, zu einem der gr\u00f6ssten Ortsvereine in Eglisau. Viele Mitglieder kommen aus der n\u00e4heren Umgebung in das Rheinst\u00e4dtchen, um ihre traditionelle Sportart auszu\u00fcben.<\/p>\n<p><strong>Was tun wir?<br \/>\n<\/strong> Jeweils zwei Wettk\u00e4mpfer bilden einen Fahrtrupp.<br \/>\nSteuermann und Vorderfahrer sind ein Team, welches das Schiff auf optimale Weise auf dem Wasser fortbewegt und an den richtigen Ort hinf\u00fchrt. Dabei wird nicht nur Kraft gefordert, sondern auch Geschicklichkeit und Kenntnisse des Wassers.<\/p>\n<p>Die j\u00fcngeren Mitglieder fahren im leichteren Weidling und die \u00e4lteren im schwereren \u00dcbersetzboot. Die Fortbewegung erfolgt mit Ruder oder entlang dem Ufer mit Stachel. J\u00e4hrlich finden etwa 3-4 Wettk\u00e4mpfe statt.<\/p>\n<p>Der Verein hat zwei Trainingspl\u00e4tze. Der Rhein in Eglisau ist gestaut, das erm\u00f6glicht unseren Jungpontonieren gute Lern- und Trainingsm\u00f6glichkeiten. Die Aktivmitglieder nutzen die sanfte Str\u00f6mung f\u00fcr Konditionstrainings oder gem\u00fctliche Plauschfahrten. In Rheinsfelden, das sich 5 km Flussabw\u00e4rts befindet, absolvieren alle Mitglieder ihre regelm\u00e4ssigen \u00dcbungen. Das Trainingsgel\u00e4nde beginnt etwa 200 Meter unterhalb des Kraftwerks.<\/p>\n<p><img loading=\"lazy\" decoding=\"async\" class=\"alignnone wp-image-66 size-full\" src=\"https:\/\/www.pontoniere-eglisau.ch\/wp-content\/uploads\/2018\/03\/Rudern.jpg\" alt=\"\" width=\"640\" height=\"427\" srcset=\"https:\/\/www.pontoniere-eglisau.ch\/wp-content\/uploads\/2018\/03\/Rudern.jpg 640w, https:\/\/www.pontoniere-eglisau.ch\/wp-content\/uploads\/2018\/03\/Rudern-300x200.jpg 300w\" sizes=\"auto, (max-width: 640px) 100vw, 640px\" \/><\/p>\n","protected":false},"excerpt":{"rendered":"<p>Wer sind wir? Die Gr\u00fcndung geht ins Jahr 1886 zur\u00fcck. Damals unter dem Namen &#8222;Rhein-Club Eglisau&#8220;. Mit dem Beitritt zum Schweizerischen Verband der Pontonier-Fahrvereine im Jahr 1908 erfolgte die Namens\u00e4nderung vom &#8222;Rhein-Club Eglisau zum &#8222;Pontonier Fahrverein Eglisau&#8220; Heute geh\u00f6rt der Verein, mit seinen rund 40 Aktivmitgliedern, zu einem der gr\u00f6ssten Ortsvereine in Eglisau. Viele Mitglieder &hellip; <\/p>\n<p class=\"link-more\"><a href=\"https:\/\/www.pontoniere-eglisau.ch\/?page_id=53\" class=\"more-link\"><span class=\"screen-reader-text\">\u201eVerein\u201c<\/span> weiterlesen<\/a><\/p>\n","protected":false},"author":2,"featured_media":0,"parent":0,"menu_order":0,"comment_status":"closed","ping_status":"closed","template":"","meta":{"footnotes":""},"class_list":["post-53","page","type-page","status-publish","hentry"],"_links":{"self":[{"href":"https:\/\/www.pontoniere-eglisau.ch\/index.php?rest_route=\/wp\/v2\/pages\/53","targetHints":{"allow":["GET"]}}],"collection":[{"href":"https:\/\/www.pontoniere-eglisau.ch\/index.php?rest_route=\/wp\/v2\/pages"}],"about":[{"href":"https:\/\/www.pontoniere-eglisau.ch\/index.php?rest_route=\/wp\/v2\/types\/page"}],"author":[{"embeddable":true,"href":"https:\/\/www.pontoniere-eglisau.ch\/index.php?rest_route=\/wp\/v2\/users\/2"}],"replies":[{"embeddable":true,"href":"https:\/\/www.pontoniere-eglisau.ch\/index.php?rest_route=%2Fwp%2Fv2%2Fcomments&post=53"}],"version-history":[{"count":4,"href":"https:\/\/www.pontoniere-eglisau.ch\/index.php?rest_route=\/wp\/v2\/pages\/53\/revisions"}],"predecessor-version":[{"id":1097,"href":"https:\/\/www.pontoniere-eglisau.ch\/index.php?rest_route=\/wp\/v2\/pages\/53\/revisions\/1097"}],"wp:attachment":[{"href":"https:\/\/www.pontoniere-eglisau.ch\/index.php?rest_route=%2Fwp%2Fv2%2Fmedia&parent=53"}],"curies":[{"name":"wp","href":"https:\/\/api.w.org\/{rel}","templated":true}]}}