{"id":340,"date":"2022-07-26T16:46:59","date_gmt":"2022-07-26T16:46:59","guid":{"rendered":"http:\/\/pontoniere-eglisau.ch\/?page_id=340"},"modified":"2022-07-26T16:46:59","modified_gmt":"2022-07-26T16:46:59","slug":"schiffergilde-eglisau","status":"publish","type":"page","link":"https:\/\/www.pontoniere-eglisau.ch\/?page_id=340","title":{"rendered":"Schiffergilde Eglisau"},"content":{"rendered":"\n<p>Die Schiffergilde ist eine freie Vereinigung der \u00e4lteren Mitglieder des Pontonierfahrvereins Eglisau. Zweck dieser Vereinigung ist wohl die Pflege der Kameradschaft unter den Mitgliedern als auch tatkr\u00e4ftige F\u00f6rderung der Bestrebung und Unterst\u00fctzung des Stammvereins.<\/p>\n\n\n\n<p>Ein grosses Anliegen ist uns, dass am Fr\u00fchschoppen im Pontonierhaus jeweils am 1. Sonntag im Monat die Schiffergildemitglieder recht zahlreich vertreten sind.<\/p>\n\n\n\n<p>Einige unserer Mitglieder amtieren an Wettfahren der aktiven Pontoniere als Kampfrichter. Auch an den Fahr\u00fcbungen unterst\u00fctzen wir unsere Aktiven tatkr\u00e4ftig. Bei Talfahrten auf dem Rhein sind wir mit unserer Hilfe bestrebt die G\u00e4ste sicher an ihr Zielort zu schiffen.<\/p>\n\n\n\n<p>Bei der Durchf\u00fchrung verschiedener Ortsfest in unserer Gemeinde, sind wir beim Auf- und Abbau des Gm\u00fcnderzelts engagiert. Auch wenn ausw\u00e4rtige Vereine mit ihren Anl\u00e4ssen in Eglisau das Zelt ben\u00f6tigen sind wir stets gefragt und hilfsbereit, bei jedem Wetter.<\/p>\n\n\n\n<p>Wenn spezielle Wettfahren stattfinden f\u00fcr die Senioren, wie der Oldie Cup zum Beispiel, nehmen einige Gildemitglieder mit Freude am Wettkampf teil.<\/p>\n\n\n\n<p>Unsere Kameradschaft pflegen wir jeweils auch bei einem ganzt\u00e4gigen Ausflug mit dem Car, dabei besichtigen wir spezielle Sehensw\u00fcrdigkeiten, geniessen die Landschaft und das Zusammensein.<\/p>\n","protected":false},"excerpt":{"rendered":"<p>Die Schiffergilde ist eine freie Vereinigung der \u00e4lteren Mitglieder des Pontonierfahrvereins Eglisau. Zweck dieser Vereinigung ist wohl die Pflege der Kameradschaft unter den Mitgliedern als auch tatkr\u00e4ftige F\u00f6rderung der Bestrebung und Unterst\u00fctzung des Stammvereins. Ein grosses Anliegen ist uns, dass am Fr\u00fchschoppen im Pontonierhaus jeweils am 1. Sonntag im Monat die Schiffergildemitglieder recht zahlreich vertreten &hellip; <\/p>\n<p class=\"link-more\"><a href=\"https:\/\/www.pontoniere-eglisau.ch\/?page_id=340\" class=\"more-link\"><span class=\"screen-reader-text\">\u201eSchiffergilde Eglisau\u201c<\/span> weiterlesen<\/a><\/p>\n","protected":false},"author":3,"featured_media":0,"parent":0,"menu_order":0,"comment_status":"closed","ping_status":"closed","template":"","meta":{"footnotes":""},"class_list":["post-340","page","type-page","status-publish","hentry"],"_links":{"self":[{"href":"https:\/\/www.pontoniere-eglisau.ch\/index.php?rest_route=\/wp\/v2\/pages\/340","targetHints":{"allow":["GET"]}}],"collection":[{"href":"https:\/\/www.pontoniere-eglisau.ch\/index.php?rest_route=\/wp\/v2\/pages"}],"about":[{"href":"https:\/\/www.pontoniere-eglisau.ch\/index.php?rest_route=\/wp\/v2\/types\/page"}],"author":[{"embeddable":true,"href":"https:\/\/www.pontoniere-eglisau.ch\/index.php?rest_route=\/wp\/v2\/users\/3"}],"replies":[{"embeddable":true,"href":"https:\/\/www.pontoniere-eglisau.ch\/index.php?rest_route=%2Fwp%2Fv2%2Fcomments&post=340"}],"version-history":[{"count":1,"href":"https:\/\/www.pontoniere-eglisau.ch\/index.php?rest_route=\/wp\/v2\/pages\/340\/revisions"}],"predecessor-version":[{"id":341,"href":"https:\/\/www.pontoniere-eglisau.ch\/index.php?rest_route=\/wp\/v2\/pages\/340\/revisions\/341"}],"wp:attachment":[{"href":"https:\/\/www.pontoniere-eglisau.ch\/index.php?rest_route=%2Fwp%2Fv2%2Fmedia&parent=340"}],"curies":[{"name":"wp","href":"https:\/\/api.w.org\/{rel}","templated":true}]}}