{"id":335,"date":"2022-07-04T18:15:56","date_gmt":"2022-07-04T18:15:56","guid":{"rendered":"http:\/\/pontoniere-eglisau.ch\/?page_id=335"},"modified":"2022-07-04T18:15:56","modified_gmt":"2022-07-04T18:15:56","slug":"jungpontonier-lager-in-einigen","status":"publish","type":"page","link":"https:\/\/www.pontoniere-eglisau.ch\/?page_id=335","title":{"rendered":"Jungpontonier-Lager in Einigen"},"content":{"rendered":"\n<p>Ein H\u00f6hepunkt der Jungpontoniere ist jedes Jahr das Jungpontonierlager in Einigen am Thunersee. Hier treffen sich viele Jungpontoniere aus Vereinen der ganzen Schweiz. Hier kann jeder eine abwechslungsreiche und unvergessliche Woche verbringen. W\u00e4hrend den 10 Tagen verbessern die Jugendlichen ihre F\u00e4higkeiten in allen Disziplinen des Pontoniersports, welche Folgendes umfassen: Rudern, Stacheln, Motorbootfahren, Schwimmen, Schn\u00fcren, Erste Hilfe und vieles mehr. Dabei lernt man auch Nachwuchspontoniere von anderen Sektionen kennen, welche man immer wieder an Wettk\u00e4mpfen und im Lager trifft.<\/p>\n\n\n\n<p>Einige Highlights, die Dich im Lager erwarten:<br>&#8211; eine grosse Zeltstadt &#8211; aufgebaut von den Jungpontonieren und deren LeiterInnen<br>&#8211; Lagerstimmung am Lagerfeuer<br>&#8211; Kameradschaft<br>&#8211; Wasserfahren<br>&#8211; Schlauchbootfahrten \/ Ausfl\u00fcge<br>&#8211; Umgang mit dem Aussenbordmotor f\u00fcr die \u00e4lteren Jungpontoniere<\/p>\n\n\n\n<hr class=\"wp-block-separator\"\/>\n\n\n\n<p>Schau Dir die Impressionen des Jungpontonierlagers selber an und freu Dich auf eine aufregende Zeit.<\/p>\n\n\n\n<div class=\"wp-block-buttons is-content-justification-center is-layout-flex wp-container-core-buttons-is-layout-16018d1d wp-block-buttons-is-layout-flex\">\n<div class=\"wp-block-button aligncenter is-style-fill\"><a class=\"wp-block-button__link has-black-color has-luminous-vivid-amber-background-color has-text-color has-background\" href=\"https:\/\/www.pontonier.ch\/cms\/jungpontonierlager\" target=\"_blank\" rel=\"noreferrer noopener\"><strong>Jungpontonierlager in Einigen<\/strong><\/a><\/div>\n<\/div>\n\n\n\n<p><\/p>\n","protected":false},"excerpt":{"rendered":"<p>Ein H\u00f6hepunkt der Jungpontoniere ist jedes Jahr das Jungpontonierlager in Einigen am Thunersee. Hier treffen sich viele Jungpontoniere aus Vereinen der ganzen Schweiz. Hier kann jeder eine abwechslungsreiche und unvergessliche Woche verbringen. W\u00e4hrend den 10 Tagen verbessern die Jugendlichen ihre F\u00e4higkeiten in allen Disziplinen des Pontoniersports, welche Folgendes umfassen: Rudern, Stacheln, Motorbootfahren, Schwimmen, Schn\u00fcren, Erste &hellip; <\/p>\n<p class=\"link-more\"><a href=\"https:\/\/www.pontoniere-eglisau.ch\/?page_id=335\" class=\"more-link\"><span class=\"screen-reader-text\">\u201eJungpontonier-Lager in Einigen\u201c<\/span> weiterlesen<\/a><\/p>\n","protected":false},"author":3,"featured_media":0,"parent":0,"menu_order":0,"comment_status":"closed","ping_status":"closed","template":"","meta":{"footnotes":""},"class_list":["post-335","page","type-page","status-publish","hentry"],"_links":{"self":[{"href":"https:\/\/www.pontoniere-eglisau.ch\/index.php?rest_route=\/wp\/v2\/pages\/335","targetHints":{"allow":["GET"]}}],"collection":[{"href":"https:\/\/www.pontoniere-eglisau.ch\/index.php?rest_route=\/wp\/v2\/pages"}],"about":[{"href":"https:\/\/www.pontoniere-eglisau.ch\/index.php?rest_route=\/wp\/v2\/types\/page"}],"author":[{"embeddable":true,"href":"https:\/\/www.pontoniere-eglisau.ch\/index.php?rest_route=\/wp\/v2\/users\/3"}],"replies":[{"embeddable":true,"href":"https:\/\/www.pontoniere-eglisau.ch\/index.php?rest_route=%2Fwp%2Fv2%2Fcomments&post=335"}],"version-history":[{"count":4,"href":"https:\/\/www.pontoniere-eglisau.ch\/index.php?rest_route=\/wp\/v2\/pages\/335\/revisions"}],"predecessor-version":[{"id":347,"href":"https:\/\/www.pontoniere-eglisau.ch\/index.php?rest_route=\/wp\/v2\/pages\/335\/revisions\/347"}],"wp:attachment":[{"href":"https:\/\/www.pontoniere-eglisau.ch\/index.php?rest_route=%2Fwp%2Fv2%2Fmedia&parent=335"}],"curies":[{"name":"wp","href":"https:\/\/api.w.org\/{rel}","templated":true}]}}