{"id":299,"date":"2022-07-04T18:22:09","date_gmt":"2022-07-04T18:22:09","guid":{"rendered":"http:\/\/pontoniere-eglisau.ch\/?page_id=299"},"modified":"2022-07-04T18:22:09","modified_gmt":"2022-07-04T18:22:09","slug":"schwimmen","status":"publish","type":"page","link":"https:\/\/www.pontoniere-eglisau.ch\/?page_id=299","title":{"rendered":"Schwimmen"},"content":{"rendered":"\n<p>Als Pontoniere sind wir st\u00e4ndig am und auf dem Wasser, manchmal aber auch im Wasser. Um sich auf den Parcours oder den Spezialwettkampf zu fokussieren, darf keine Angst vor dem grossen Nass bestehen.<br>In einem daraus entwickelten Wettkampf gilt es, 200 m Freistil. Je nach Austragungsort und \u00f6rtlichen Bedingungen wird im Hallenbad, Freibad oder im Fluss geschwommen. Massgebend f\u00fcr die Bewertung ist die ben\u00f6tigte Zeit.<\/p>\n","protected":false},"excerpt":{"rendered":"<p>Als Pontoniere sind wir st\u00e4ndig am und auf dem Wasser, manchmal aber auch im Wasser. Um sich auf den Parcours oder den Spezialwettkampf zu fokussieren, darf keine Angst vor dem grossen Nass bestehen.In einem daraus entwickelten Wettkampf gilt es, 200 m Freistil. Je nach Austragungsort und \u00f6rtlichen Bedingungen wird im Hallenbad, Freibad oder im Fluss &hellip; <\/p>\n<p class=\"link-more\"><a href=\"https:\/\/www.pontoniere-eglisau.ch\/?page_id=299\" class=\"more-link\"><span class=\"screen-reader-text\">\u201eSchwimmen\u201c<\/span> weiterlesen<\/a><\/p>\n","protected":false},"author":3,"featured_media":0,"parent":0,"menu_order":0,"comment_status":"closed","ping_status":"closed","template":"","meta":{"footnotes":""},"class_list":["post-299","page","type-page","status-publish","hentry"],"_links":{"self":[{"href":"https:\/\/www.pontoniere-eglisau.ch\/index.php?rest_route=\/wp\/v2\/pages\/299","targetHints":{"allow":["GET"]}}],"collection":[{"href":"https:\/\/www.pontoniere-eglisau.ch\/index.php?rest_route=\/wp\/v2\/pages"}],"about":[{"href":"https:\/\/www.pontoniere-eglisau.ch\/index.php?rest_route=\/wp\/v2\/types\/page"}],"author":[{"embeddable":true,"href":"https:\/\/www.pontoniere-eglisau.ch\/index.php?rest_route=\/wp\/v2\/users\/3"}],"replies":[{"embeddable":true,"href":"https:\/\/www.pontoniere-eglisau.ch\/index.php?rest_route=%2Fwp%2Fv2%2Fcomments&post=299"}],"version-history":[{"count":3,"href":"https:\/\/www.pontoniere-eglisau.ch\/index.php?rest_route=\/wp\/v2\/pages\/299\/revisions"}],"predecessor-version":[{"id":351,"href":"https:\/\/www.pontoniere-eglisau.ch\/index.php?rest_route=\/wp\/v2\/pages\/299\/revisions\/351"}],"wp:attachment":[{"href":"https:\/\/www.pontoniere-eglisau.ch\/index.php?rest_route=%2Fwp%2Fv2%2Fmedia&parent=299"}],"curies":[{"name":"wp","href":"https:\/\/api.w.org\/{rel}","templated":true}]}}