{"id":242,"date":"2022-07-04T18:18:37","date_gmt":"2022-07-04T18:18:37","guid":{"rendered":"http:\/\/pontoniere-eglisau.ch\/?page_id=242"},"modified":"2026-04-08T11:34:24","modified_gmt":"2026-04-08T11:34:24","slug":"einzel-gruppenschnueren","status":"publish","type":"page","link":"https:\/\/www.pontoniere-eglisau.ch\/?page_id=242","title":{"rendered":"Einzel- \/ Gruppenschn\u00fcren"},"content":{"rendered":"\n<p><strong>Einzelschn\u00fcren<br><\/strong>Beim Einzelschn\u00fcren hat der Wettk\u00e4mpfer einen klar abgesteckten Parcours zu absolvieren. Dieser besteht aus genau vorgeschriebenen Knoten und B\u00fcnden. Der kleinste Fehler in der Technik oder der Ausf\u00fchrung ergibt einen Zeitzuschlag. Gewertet wird am Schluss die Gesamtzeit.<\/p>\n\n\n\n<figure class=\"wp-block-image size-large\"><img loading=\"lazy\" decoding=\"async\" width=\"1024\" height=\"683\" src=\"https:\/\/www.pontoniere-eglisau.ch\/wp-content\/uploads\/2022\/07\/IMG_3609-1024x683.jpg\" alt=\"\" class=\"wp-image-639\" srcset=\"https:\/\/www.pontoniere-eglisau.ch\/wp-content\/uploads\/2022\/07\/IMG_3609-1024x683.jpg 1024w, https:\/\/www.pontoniere-eglisau.ch\/wp-content\/uploads\/2022\/07\/IMG_3609-300x200.jpg 300w, https:\/\/www.pontoniere-eglisau.ch\/wp-content\/uploads\/2022\/07\/IMG_3609-768x512.jpg 768w, https:\/\/www.pontoniere-eglisau.ch\/wp-content\/uploads\/2022\/07\/IMG_3609-1536x1024.jpg 1536w, https:\/\/www.pontoniere-eglisau.ch\/wp-content\/uploads\/2022\/07\/IMG_3609-2048x1365.jpg 2048w\" sizes=\"auto, (max-width: 767px) 89vw, (max-width: 1000px) 54vw, (max-width: 1071px) 543px, 580px\" \/><\/figure>\n\n\n\n<p><strong>Gruppenschn\u00fcren<\/strong><br>Beim Gruppenschn\u00fcren geht es darum, ein definiertes Schn\u00fcrobjekt auf Zeit und ohne Felder zu erstellen.<br>Die Gruppe besteht aus 3 Pontonieren.<br>Das Material wird vor dem Start in einem vorgegebenen Feld zurechtgelegt und sortiert. Jedes Mitglied der Gruppe hat eine Aufgabe, im Zusammenspiel mit den anderen ergibt sich eine stabile Konstruktion &#8211; die nur mittels Rundh\u00f6lzern und Schn\u00fcrleinen erstellt wurde.<br>Fehler werden mit Zeitzuschl\u00e4gen bestraft, es gilt genaues Arbeiten und sichere Handgriffe zu machen. Gewertet wird die Gesamtzeit, bestehend aus Aufbau- und Abbauzeit plus Fehlerzuschl\u00e4ge.<\/p>\n","protected":false},"excerpt":{"rendered":"<p>Einzelschn\u00fcrenBeim Einzelschn\u00fcren hat der Wettk\u00e4mpfer einen klar abgesteckten Parcours zu absolvieren. Dieser besteht aus genau vorgeschriebenen Knoten und B\u00fcnden. Der kleinste Fehler in der Technik oder der Ausf\u00fchrung ergibt einen Zeitzuschlag. Gewertet wird am Schluss die Gesamtzeit. Gruppenschn\u00fcrenBeim Gruppenschn\u00fcren geht es darum, ein definiertes Schn\u00fcrobjekt auf Zeit und ohne Felder zu erstellen.Die Gruppe besteht aus &hellip; <\/p>\n<p class=\"link-more\"><a href=\"https:\/\/www.pontoniere-eglisau.ch\/?page_id=242\" class=\"more-link\"><span class=\"screen-reader-text\">\u201eEinzel- \/ Gruppenschn\u00fcren\u201c<\/span> weiterlesen<\/a><\/p>\n","protected":false},"author":3,"featured_media":0,"parent":0,"menu_order":0,"comment_status":"closed","ping_status":"closed","template":"","meta":{"footnotes":""},"class_list":["post-242","page","type-page","status-publish","hentry"],"_links":{"self":[{"href":"https:\/\/www.pontoniere-eglisau.ch\/index.php?rest_route=\/wp\/v2\/pages\/242","targetHints":{"allow":["GET"]}}],"collection":[{"href":"https:\/\/www.pontoniere-eglisau.ch\/index.php?rest_route=\/wp\/v2\/pages"}],"about":[{"href":"https:\/\/www.pontoniere-eglisau.ch\/index.php?rest_route=\/wp\/v2\/types\/page"}],"author":[{"embeddable":true,"href":"https:\/\/www.pontoniere-eglisau.ch\/index.php?rest_route=\/wp\/v2\/users\/3"}],"replies":[{"embeddable":true,"href":"https:\/\/www.pontoniere-eglisau.ch\/index.php?rest_route=%2Fwp%2Fv2%2Fcomments&post=242"}],"version-history":[{"count":8,"href":"https:\/\/www.pontoniere-eglisau.ch\/index.php?rest_route=\/wp\/v2\/pages\/242\/revisions"}],"predecessor-version":[{"id":1204,"href":"https:\/\/www.pontoniere-eglisau.ch\/index.php?rest_route=\/wp\/v2\/pages\/242\/revisions\/1204"}],"wp:attachment":[{"href":"https:\/\/www.pontoniere-eglisau.ch\/index.php?rest_route=%2Fwp%2Fv2%2Fmedia&parent=242"}],"curies":[{"name":"wp","href":"https:\/\/api.w.org\/{rel}","templated":true}]}}