{"id":240,"date":"2022-07-04T18:30:17","date_gmt":"2022-07-04T18:30:17","guid":{"rendered":"http:\/\/pontoniere-eglisau.ch\/?page_id=240"},"modified":"2026-04-08T11:36:57","modified_gmt":"2026-04-08T11:36:57","slug":"bootsfaehrenbau-tradition-trifft-wettkampf","status":"publish","type":"page","link":"https:\/\/www.pontoniere-eglisau.ch\/?page_id=240","title":{"rendered":"Bootsf\u00e4hrenbau &#8211; Tradition trifft Wettkampf"},"content":{"rendered":"\n<p>Der Bootf\u00e4hrenbaus ist wahrscheinlich die traditionellste aller Disziplinen des Pontoniersports.<br>Dabei geht es um das Erstellen einer vollfunktionsf\u00e4higen F\u00e4hre, mit der Personen von einem zum anderen Ufer transportiert werden k\u00f6nnen &#8211; und das, so schnell wie m\u00f6glich.<\/p>\n\n\n\n<p><\/p>\n\n\n\n<p><strong>So funktionierts:<br><\/strong>Ein Trupp, bestehend aus 9 Pontonieren, erstellt mit Hilfe von Zweibein, Winde und anderen Materialen eine funktionierende F\u00e4hre \u00fcber ein Fliessgew\u00e4sser. Ein Stahlseil wird von der Winde \u00fcber das Zweibein ans gegen\u00fcberliegende Flussufer gespannt. Dabei muss das Stahlseil von einem Fahrtrupp \u00fcber den Fluss gezogen und an einem Pfahl oder Baumstamm befestigt werden. Durch die Aufrichtung des Zweibeins wird das Stahlseil gespannt. Nach erfolgtem Einbau wird eine Probefahrt ausgef\u00fchrt. Dabei werden die Handgriffe und Techniken von den Kampfrichtern beurteilt.<br>Nach einer kurzen Zwischenpause wird die ganze F\u00e4hre vollst\u00e4ndig und auf Zeit zur\u00fcck gebaut. Auch hier z\u00e4hlen Geschicklichkeit und Zeit.<\/p>\n\n\n\n<figure class=\"wp-block-image size-large is-resized is-style-default\"><img loading=\"lazy\" decoding=\"async\" width=\"1024\" height=\"683\" src=\"https:\/\/www.pontoniere-eglisau.ch\/wp-content\/uploads\/2022\/07\/IMG_2857-1024x683.jpg\" alt=\"\" class=\"wp-image-333\" style=\"width:840px;height:560px\" srcset=\"https:\/\/www.pontoniere-eglisau.ch\/wp-content\/uploads\/2022\/07\/IMG_2857-1024x683.jpg 1024w, https:\/\/www.pontoniere-eglisau.ch\/wp-content\/uploads\/2022\/07\/IMG_2857-300x200.jpg 300w, https:\/\/www.pontoniere-eglisau.ch\/wp-content\/uploads\/2022\/07\/IMG_2857-768x512.jpg 768w, https:\/\/www.pontoniere-eglisau.ch\/wp-content\/uploads\/2022\/07\/IMG_2857-1536x1024.jpg 1536w, https:\/\/www.pontoniere-eglisau.ch\/wp-content\/uploads\/2022\/07\/IMG_2857-2048x1365.jpg 2048w\" sizes=\"auto, (max-width: 767px) 89vw, (max-width: 1000px) 54vw, (max-width: 1071px) 543px, 580px\" \/><figcaption class=\"wp-element-caption\">Team Bootsf\u00e4hrenbau Eglisau<br><em>v.l.n.r: Meier Patrick, Weibel Tobias, Meier Hannes, Fischer Philipp, Weidmann Colin, Ringger Cyrill, Meier Philip, Bischof Patrick, Meier Mischa<\/em><\/figcaption><\/figure>\n\n\n\n<p><strong>Worauf kommts an:<br><\/strong>Ziel der Disziplin ist es, die F\u00e4hre in m\u00f6glichst kurzer Zeit ein- und auch wieder auszubauen. Dabei werden die beiden Zeiten addiert. Neben der Zeit kommt es auch auf Pr\u00e4zision der einzelnen Arbeitsschritte an. Je nach Abweichung zur Soll-Pr\u00e4zision gibt es zeitliche Zuschl\u00e4ge.<\/p>\n\n\n\n<figure class=\"wp-block-image size-large\"><img loading=\"lazy\" decoding=\"async\" width=\"1024\" height=\"683\" src=\"https:\/\/www.pontoniere-eglisau.ch\/wp-content\/uploads\/2022\/07\/IMG_5036-1024x683.jpg\" alt=\"\" class=\"wp-image-566\" srcset=\"https:\/\/www.pontoniere-eglisau.ch\/wp-content\/uploads\/2022\/07\/IMG_5036-1024x683.jpg 1024w, https:\/\/www.pontoniere-eglisau.ch\/wp-content\/uploads\/2022\/07\/IMG_5036-300x200.jpg 300w, https:\/\/www.pontoniere-eglisau.ch\/wp-content\/uploads\/2022\/07\/IMG_5036-768x512.jpg 768w, https:\/\/www.pontoniere-eglisau.ch\/wp-content\/uploads\/2022\/07\/IMG_5036-1536x1024.jpg 1536w, https:\/\/www.pontoniere-eglisau.ch\/wp-content\/uploads\/2022\/07\/IMG_5036-2048x1365.jpg 2048w\" sizes=\"auto, (max-width: 767px) 89vw, (max-width: 1000px) 54vw, (max-width: 1071px) 543px, 580px\" \/><\/figure>\n\n\n\n<p><strong>Bootsf\u00e4hrenwettkampf<\/strong><br>An Wettk\u00e4mpfen zeigt unser Bootsf\u00e4hrenteam sein K\u00f6nnen und misst sich mit anderen Sektionen in dieser traditionellen Disziplin. Dabei ist es immer wieder interessant zu sehen, wie Sportskameraden und Kameradinnen von anderen Vereinen an den Bootsf\u00e4hrenbau herangehen. Obschon die Flussverh\u00e4ltnisse der einzelnen Sektionen stark voneinander abweichen k\u00f6nnen, liegen die Spitzenteams des Bootf\u00e4hrenbaus zum Teil nur Sekunden auseinander.<\/p>\n\n\n\n<figure class=\"wp-block-image size-large\"><img loading=\"lazy\" decoding=\"async\" width=\"1024\" height=\"683\" src=\"https:\/\/www.pontoniere-eglisau.ch\/wp-content\/uploads\/2022\/07\/IMG_3216-1024x683.jpg\" alt=\"\" class=\"wp-image-425\" srcset=\"https:\/\/www.pontoniere-eglisau.ch\/wp-content\/uploads\/2022\/07\/IMG_3216-1024x683.jpg 1024w, https:\/\/www.pontoniere-eglisau.ch\/wp-content\/uploads\/2022\/07\/IMG_3216-300x200.jpg 300w, https:\/\/www.pontoniere-eglisau.ch\/wp-content\/uploads\/2022\/07\/IMG_3216-768x512.jpg 768w, https:\/\/www.pontoniere-eglisau.ch\/wp-content\/uploads\/2022\/07\/IMG_3216-1536x1024.jpg 1536w, https:\/\/www.pontoniere-eglisau.ch\/wp-content\/uploads\/2022\/07\/IMG_3216-2048x1365.jpg 2048w\" sizes=\"auto, (max-width: 767px) 89vw, (max-width: 1000px) 54vw, (max-width: 1071px) 543px, 580px\" \/><\/figure>\n\n\n\n<p><\/p>\n","protected":false},"excerpt":{"rendered":"<p>Der Bootf\u00e4hrenbaus ist wahrscheinlich die traditionellste aller Disziplinen des Pontoniersports.Dabei geht es um das Erstellen einer vollfunktionsf\u00e4higen F\u00e4hre, mit der Personen von einem zum anderen Ufer transportiert werden k\u00f6nnen &#8211; und das, so schnell wie m\u00f6glich. So funktionierts:Ein Trupp, bestehend aus 9 Pontonieren, erstellt mit Hilfe von Zweibein, Winde und anderen Materialen eine funktionierende F\u00e4hre &hellip; <\/p>\n<p class=\"link-more\"><a href=\"https:\/\/www.pontoniere-eglisau.ch\/?page_id=240\" class=\"more-link\"><span class=\"screen-reader-text\">\u201eBootsf\u00e4hrenbau &#8211; Tradition trifft Wettkampf\u201c<\/span> weiterlesen<\/a><\/p>\n","protected":false},"author":3,"featured_media":0,"parent":0,"menu_order":0,"comment_status":"closed","ping_status":"closed","template":"","meta":{"footnotes":""},"class_list":["post-240","page","type-page","status-publish","hentry"],"_links":{"self":[{"href":"https:\/\/www.pontoniere-eglisau.ch\/index.php?rest_route=\/wp\/v2\/pages\/240","targetHints":{"allow":["GET"]}}],"collection":[{"href":"https:\/\/www.pontoniere-eglisau.ch\/index.php?rest_route=\/wp\/v2\/pages"}],"about":[{"href":"https:\/\/www.pontoniere-eglisau.ch\/index.php?rest_route=\/wp\/v2\/types\/page"}],"author":[{"embeddable":true,"href":"https:\/\/www.pontoniere-eglisau.ch\/index.php?rest_route=\/wp\/v2\/users\/3"}],"replies":[{"embeddable":true,"href":"https:\/\/www.pontoniere-eglisau.ch\/index.php?rest_route=%2Fwp%2Fv2%2Fcomments&post=240"}],"version-history":[{"count":21,"href":"https:\/\/www.pontoniere-eglisau.ch\/index.php?rest_route=\/wp\/v2\/pages\/240\/revisions"}],"predecessor-version":[{"id":1207,"href":"https:\/\/www.pontoniere-eglisau.ch\/index.php?rest_route=\/wp\/v2\/pages\/240\/revisions\/1207"}],"wp:attachment":[{"href":"https:\/\/www.pontoniere-eglisau.ch\/index.php?rest_route=%2Fwp%2Fv2%2Fmedia&parent=240"}],"curies":[{"name":"wp","href":"https:\/\/api.w.org\/{rel}","templated":true}]}}