{"id":238,"date":"2022-07-04T18:24:54","date_gmt":"2022-07-04T18:24:54","guid":{"rendered":"http:\/\/pontoniere-eglisau.ch\/?page_id=238"},"modified":"2026-04-08T11:39:15","modified_gmt":"2026-04-08T11:39:15","slug":"sektionsfahren-alles-im-takt","status":"publish","type":"page","link":"https:\/\/www.pontoniere-eglisau.ch\/?page_id=238","title":{"rendered":"Sektionsfahren &#8211; Alles im Takt"},"content":{"rendered":"\n<p>Beim Sektionsfahren treten mehrere Boote desselben Vereins (Sektion) miteinander an. Im Gegensatz zum Einzelfahren wird bei dieser Disziplin die ganze Sektion als Ganzes bewertet. Eine Gruppe besteht aus mindestens drei, h\u00f6chstens aber sechs Schiffen. Je nach Sektionsgr\u00f6sse gibt es mehrere Sektionsfahr-Gruppen. Im Gegensatz zum Einzelfahren sind die Boote mit zwei Fahrerpaaren besetzt. An definierten Stellen im Parcours gibt es Fahrerwechsel &#8211; zum Teil auch w\u00e4hrend der Fahrt. Aufmerksamkeit ist hier besonders gefragt. Der Parcours wird insgesamt zwei Mal absolviert, so dass jedes Fahrerpaar alle Elemente einmal bestritten hat.<\/p>\n\n\n\n<p>Es gibt Elemente, die von allen gemeinsam absolviert werden, ein Beispiel ist das &#8222;\u00dcbersetzen in Linie&#8220;. Dabei \u00fcberqueren alle Boote gemeinsam im Takt und mit gewissen Abst\u00e4nden zueinander den Fluss. Gewertet wird neben dem gleichm\u00e4ssigen Abstand auch der synchrone Ruderschlag aller Fahrer. <\/p>\n\n\n\n<p>Bei der &#8222;gemeinsamen Stachelfahrt&#8220; setzen s\u00e4mtliche Fahrer im Takt ihren Stachel und legen so eine Strecke zur\u00fcck.<\/p>\n\n\n\n<p>Neben gemeinsamen Elementen gibt es auch gewisse Hindernisse (z.B: Pfeiler, Durchfahrt), die individuell absolviert werden.<\/p>\n\n\n\n<figure class=\"wp-block-image size-large\"><img loading=\"lazy\" decoding=\"async\" width=\"1024\" height=\"768\" src=\"https:\/\/www.pontoniere-eglisau.ch\/wp-content\/uploads\/2022\/07\/IMG_4097photo-1024x768.jpg\" alt=\"\" class=\"wp-image-579\" srcset=\"https:\/\/www.pontoniere-eglisau.ch\/wp-content\/uploads\/2022\/07\/IMG_4097photo-1024x768.jpg 1024w, https:\/\/www.pontoniere-eglisau.ch\/wp-content\/uploads\/2022\/07\/IMG_4097photo-300x225.jpg 300w, https:\/\/www.pontoniere-eglisau.ch\/wp-content\/uploads\/2022\/07\/IMG_4097photo-768x576.jpg 768w, https:\/\/www.pontoniere-eglisau.ch\/wp-content\/uploads\/2022\/07\/IMG_4097photo-1536x1152.jpg 1536w, https:\/\/www.pontoniere-eglisau.ch\/wp-content\/uploads\/2022\/07\/IMG_4097photo.jpg 2048w\" sizes=\"auto, (max-width: 767px) 89vw, (max-width: 1000px) 54vw, (max-width: 1071px) 543px, 580px\" \/><\/figure>\n","protected":false},"excerpt":{"rendered":"<p>Beim Sektionsfahren treten mehrere Boote desselben Vereins (Sektion) miteinander an. Im Gegensatz zum Einzelfahren wird bei dieser Disziplin die ganze Sektion als Ganzes bewertet. Eine Gruppe besteht aus mindestens drei, h\u00f6chstens aber sechs Schiffen. Je nach Sektionsgr\u00f6sse gibt es mehrere Sektionsfahr-Gruppen. Im Gegensatz zum Einzelfahren sind die Boote mit zwei Fahrerpaaren besetzt. An definierten Stellen &hellip; <\/p>\n<p class=\"link-more\"><a href=\"https:\/\/www.pontoniere-eglisau.ch\/?page_id=238\" class=\"more-link\"><span class=\"screen-reader-text\">\u201eSektionsfahren &#8211; Alles im Takt\u201c<\/span> weiterlesen<\/a><\/p>\n","protected":false},"author":3,"featured_media":0,"parent":0,"menu_order":0,"comment_status":"closed","ping_status":"closed","template":"","meta":{"footnotes":""},"class_list":["post-238","page","type-page","status-publish","hentry"],"_links":{"self":[{"href":"https:\/\/www.pontoniere-eglisau.ch\/index.php?rest_route=\/wp\/v2\/pages\/238","targetHints":{"allow":["GET"]}}],"collection":[{"href":"https:\/\/www.pontoniere-eglisau.ch\/index.php?rest_route=\/wp\/v2\/pages"}],"about":[{"href":"https:\/\/www.pontoniere-eglisau.ch\/index.php?rest_route=\/wp\/v2\/types\/page"}],"author":[{"embeddable":true,"href":"https:\/\/www.pontoniere-eglisau.ch\/index.php?rest_route=\/wp\/v2\/users\/3"}],"replies":[{"embeddable":true,"href":"https:\/\/www.pontoniere-eglisau.ch\/index.php?rest_route=%2Fwp%2Fv2%2Fcomments&post=238"}],"version-history":[{"count":11,"href":"https:\/\/www.pontoniere-eglisau.ch\/index.php?rest_route=\/wp\/v2\/pages\/238\/revisions"}],"predecessor-version":[{"id":1208,"href":"https:\/\/www.pontoniere-eglisau.ch\/index.php?rest_route=\/wp\/v2\/pages\/238\/revisions\/1208"}],"wp:attachment":[{"href":"https:\/\/www.pontoniere-eglisau.ch\/index.php?rest_route=%2Fwp%2Fv2%2Fmedia&parent=238"}],"curies":[{"name":"wp","href":"https:\/\/api.w.org\/{rel}","templated":true}]}}