{"id":236,"date":"2022-07-04T18:35:46","date_gmt":"2022-07-04T18:35:46","guid":{"rendered":"http:\/\/pontoniere-eglisau.ch\/?page_id=236"},"modified":"2026-04-08T11:30:07","modified_gmt":"2026-04-08T11:30:07","slug":"einzelfahren-achtung-marsch","status":"publish","type":"page","link":"https:\/\/www.pontoniere-eglisau.ch\/?page_id=236","title":{"rendered":"Einzelfahren &#8211; Achtung, Marsch"},"content":{"rendered":"\n<p>Die wohl bekannteste Disziplin ist das Einzelfahren. Ein Fahrerpaar, bestehend aus Vorderfahrer und Steuermann, man\u00f6vriert das Boot oder den Weidling durch einen vordefinierten Parcours. Was f\u00fcr den Zuschauer oft einfach aussieht, erfordert in Wahrheit einiges an K\u00f6nnen und Geschick und eine gesunde Portion Ausdauer.<\/p>\n\n\n\n<p><strong>Ausr\u00fcstung<\/strong><br>1 \u00dcbersetzboot oder Weidling, 1 Sasse, 2 Pontoniere, 3 Ruder, 3 Stachel und 4 Ruderstricke. Fertig.<br>Je nach Alterskategorie und Geschlecht wird in einem \u00dcbersetzboot oder einem Weidling gerudert.<br>Die j\u00fcngeren Pontonier-KameradInnen und Frauen rudern im leichteren und wendigeren Weidling.<br>Die aktiven Pontoniere bestreiten den Parcours im schwereren \u00dcbersetzboot.<\/p>\n\n\n\n<figure class=\"wp-block-image size-large\"><img loading=\"lazy\" decoding=\"async\" width=\"557\" height=\"1024\" src=\"https:\/\/www.pontoniere-eglisau.ch\/wp-content\/uploads\/2026\/04\/pontonier-557x1024.jpg\" alt=\"\" class=\"wp-image-1199\" srcset=\"https:\/\/www.pontoniere-eglisau.ch\/wp-content\/uploads\/2026\/04\/pontonier-557x1024.jpg 557w, https:\/\/www.pontoniere-eglisau.ch\/wp-content\/uploads\/2026\/04\/pontonier-163x300.jpg 163w, https:\/\/www.pontoniere-eglisau.ch\/wp-content\/uploads\/2026\/04\/pontonier.jpg 587w\" sizes=\"auto, (max-width: 557px) 100vw, 557px\" \/><\/figure>\n\n\n\n<p><strong>Der Parcours<\/strong><br>Absolviert wird ein zuvor definierten Hindernisparcours. Dieser ist von Wettkampf zu Wettkampf unterschiedlich. Er besteht aus verschiedenen Elementen:<br>&#8211; Stachelfahrt auf Zeit<br>&#8211; Abfahrt unterhalb einer &#8222;Stange&#8220; oder eines &#8222;markierten Felsens&#8220;<br>&#8211; Einfahren in &#8222;Br\u00fcckenlinie&#8220;<br>&#8211; Durchfahrt zwischen markierten Br\u00fcckenpfeilern<br>&#8211; Landung auf bestimmtes Ziel<br>&#8211; Landung auf h\u00f6chstes Ziel<\/p>\n\n\n\n<p>Die einzelnen Elemente eines Wettkampfes orientieren sich an den Fluss- und Uferbedingungen des Wettkampfortes. Auch die Reihenfolge kann beliebig festgelegt werden. F\u00fcr die Beurteilung des Wettfahrens wird eine Maximalpunktzahl festgelegt. Fehler, zum Beispiel durch ber\u00fchren von markierten Hindernissen, oder das Nichterreichen der Idealzeit werden in Abzug gebracht. Diejenigen Fahrerpaare, welche sich im vordersten Viertel der Rangliste platzieren k\u00f6nnen, werden mit einer Auszeichnung belohnt.<\/p>\n\n\n\n<p><strong>Das Training:<\/strong><br>Jedes Fahrerpaar trainiert w\u00e4hrend der Saison 1 bis 2 Mal pro Woche, um gemeinsam als Team Fortschritte zu machen und Strategien f\u00fcr die Wettk\u00e4mpfe zu erarbeiten. Das \u00dcbungsgel\u00e4nde der Pontoniere Eglisau unterhalb des Kraftwerks Eglisau \/ Glattfelden bietet optimale Bedingungen. Je nach Wasserstand und Schleusen-\u00d6ffnungen ergeben sich andere Str\u00f6mungsverh\u00e4ltnisse.<\/p>\n\n\n\n<figure class=\"wp-block-image size-large\"><img loading=\"lazy\" decoding=\"async\" width=\"768\" height=\"1024\" src=\"https:\/\/www.pontoniere-eglisau.ch\/wp-content\/uploads\/2023\/03\/Foto-18.03.23-09-48-46-768x1024.jpg\" alt=\"\" class=\"wp-image-1091\" srcset=\"https:\/\/www.pontoniere-eglisau.ch\/wp-content\/uploads\/2023\/03\/Foto-18.03.23-09-48-46-768x1024.jpg 768w, https:\/\/www.pontoniere-eglisau.ch\/wp-content\/uploads\/2023\/03\/Foto-18.03.23-09-48-46-225x300.jpg 225w, https:\/\/www.pontoniere-eglisau.ch\/wp-content\/uploads\/2023\/03\/Foto-18.03.23-09-48-46-1152x1536.jpg 1152w, https:\/\/www.pontoniere-eglisau.ch\/wp-content\/uploads\/2023\/03\/Foto-18.03.23-09-48-46-1536x2048.jpg 1536w, https:\/\/www.pontoniere-eglisau.ch\/wp-content\/uploads\/2023\/03\/Foto-18.03.23-09-48-46-scaled.jpg 1920w\" sizes=\"auto, (max-width: 767px) 89vw, (max-width: 1000px) 54vw, (max-width: 1071px) 543px, 580px\" \/><\/figure>\n\n\n\n<p><strong>Der Wettkampf:<\/strong><br>Pro Saison gibt es im Schnitt ca. 3-5 Wettk\u00e4mpfe. Diese sind je nach durchf\u00fchrender Sektion in der ganzen Schweiz verteilt. Die Art des Wettkampfes bestimmt, ob eine oder mehrere Disziplinen bestritten werden.<\/p>\n","protected":false},"excerpt":{"rendered":"<p>Die wohl bekannteste Disziplin ist das Einzelfahren. Ein Fahrerpaar, bestehend aus Vorderfahrer und Steuermann, man\u00f6vriert das Boot oder den Weidling durch einen vordefinierten Parcours. Was f\u00fcr den Zuschauer oft einfach aussieht, erfordert in Wahrheit einiges an K\u00f6nnen und Geschick und eine gesunde Portion Ausdauer. Ausr\u00fcstung1 \u00dcbersetzboot oder Weidling, 1 Sasse, 2 Pontoniere, 3 Ruder, 3 &hellip; <\/p>\n<p class=\"link-more\"><a href=\"https:\/\/www.pontoniere-eglisau.ch\/?page_id=236\" class=\"more-link\"><span class=\"screen-reader-text\">\u201eEinzelfahren &#8211; Achtung, Marsch\u201c<\/span> weiterlesen<\/a><\/p>\n","protected":false},"author":3,"featured_media":0,"parent":0,"menu_order":0,"comment_status":"closed","ping_status":"closed","template":"","meta":{"footnotes":""},"class_list":["post-236","page","type-page","status-publish","hentry"],"_links":{"self":[{"href":"https:\/\/www.pontoniere-eglisau.ch\/index.php?rest_route=\/wp\/v2\/pages\/236","targetHints":{"allow":["GET"]}}],"collection":[{"href":"https:\/\/www.pontoniere-eglisau.ch\/index.php?rest_route=\/wp\/v2\/pages"}],"about":[{"href":"https:\/\/www.pontoniere-eglisau.ch\/index.php?rest_route=\/wp\/v2\/types\/page"}],"author":[{"embeddable":true,"href":"https:\/\/www.pontoniere-eglisau.ch\/index.php?rest_route=\/wp\/v2\/users\/3"}],"replies":[{"embeddable":true,"href":"https:\/\/www.pontoniere-eglisau.ch\/index.php?rest_route=%2Fwp%2Fv2%2Fcomments&post=236"}],"version-history":[{"count":17,"href":"https:\/\/www.pontoniere-eglisau.ch\/index.php?rest_route=\/wp\/v2\/pages\/236\/revisions"}],"predecessor-version":[{"id":1201,"href":"https:\/\/www.pontoniere-eglisau.ch\/index.php?rest_route=\/wp\/v2\/pages\/236\/revisions\/1201"}],"wp:attachment":[{"href":"https:\/\/www.pontoniere-eglisau.ch\/index.php?rest_route=%2Fwp%2Fv2%2Fmedia&parent=236"}],"curies":[{"name":"wp","href":"https:\/\/api.w.org\/{rel}","templated":true}]}}