{"id":12,"date":"2018-03-27T14:21:16","date_gmt":"2018-03-27T14:21:16","guid":{"rendered":"http:\/\/pontoniere-eglisau.ch\/?page_id=12"},"modified":"2018-05-08T05:29:29","modified_gmt":"2018-05-08T05:29:29","slug":"vereinslokal","status":"publish","type":"page","link":"https:\/\/www.pontoniere-eglisau.ch\/?page_id=12","title":{"rendered":"Vereinslokal"},"content":{"rendered":"<p>Planen Sie einen Anlass und die passende Lokalit\u00e4t fehlt noch?<\/p>\n<p>Wir vermieten unser Vereinslokal\u00a0an bester\u00a0Lage direkt am Rhein<br \/>\nin Eglisau.<\/p>\n<p>Das Vereinslokal bietet Platz f\u00fcr ca. 50 Personen. Ausgestattet mit WC, K\u00fcche und Grill bietet es alles was f\u00fcr ein ausgelassenes Fest ben\u00f6tigt wird. F\u00fcr W\u00e4rme und gem\u00fctliche Atmosph\u00e4re steht ein\u00a0Chemin\u00e9e zu Verf\u00fcgung.<\/p>\n<p><img loading=\"lazy\" decoding=\"async\" class=\"size-full wp-image-72\" src=\"https:\/\/www.pontoniere-eglisau.ch\/wp-content\/uploads\/2018\/03\/f08d4a92-fa3f-02e4-f54c-bd95f6e0a4a8.jpg\" alt=\"\" width=\"640\" height=\"480\" srcset=\"https:\/\/www.pontoniere-eglisau.ch\/wp-content\/uploads\/2018\/03\/f08d4a92-fa3f-02e4-f54c-bd95f6e0a4a8.jpg 640w, https:\/\/www.pontoniere-eglisau.ch\/wp-content\/uploads\/2018\/03\/f08d4a92-fa3f-02e4-f54c-bd95f6e0a4a8-300x225.jpg 300w\" sizes=\"auto, (max-width: 640px) 100vw, 640px\" \/><\/p>\n<p><img loading=\"lazy\" decoding=\"async\" class=\"alignnone wp-image-71 size-full\" src=\"https:\/\/www.pontoniere-eglisau.ch\/wp-content\/uploads\/2018\/03\/c12fe10a-01a1-36d9-bec9-3ec3782e8ecb.jpg\" alt=\"\" width=\"640\" height=\"480\" srcset=\"https:\/\/www.pontoniere-eglisau.ch\/wp-content\/uploads\/2018\/03\/c12fe10a-01a1-36d9-bec9-3ec3782e8ecb.jpg 640w, https:\/\/www.pontoniere-eglisau.ch\/wp-content\/uploads\/2018\/03\/c12fe10a-01a1-36d9-bec9-3ec3782e8ecb-300x225.jpg 300w\" sizes=\"auto, (max-width: 640px) 100vw, 640px\" \/><\/p>\n<p>Vermietung Pontonier-Haus Lochm\u00fchle<br \/>\nGaby Frei | frei.business[at]bluewin.ch | 044 867 12 52<\/p>\n","protected":false},"excerpt":{"rendered":"<p>Planen Sie einen Anlass und die passende Lokalit\u00e4t fehlt noch? Wir vermieten unser Vereinslokal\u00a0an bester\u00a0Lage direkt am Rhein in Eglisau. Das Vereinslokal bietet Platz f\u00fcr ca. 50 Personen. Ausgestattet mit WC, K\u00fcche und Grill bietet es alles was f\u00fcr ein ausgelassenes Fest ben\u00f6tigt wird. F\u00fcr W\u00e4rme und gem\u00fctliche Atmosph\u00e4re steht ein\u00a0Chemin\u00e9e zu Verf\u00fcgung. Vermietung Pontonier-Haus &hellip; <\/p>\n<p class=\"link-more\"><a href=\"https:\/\/www.pontoniere-eglisau.ch\/?page_id=12\" class=\"more-link\"><span class=\"screen-reader-text\">\u201eVereinslokal\u201c<\/span> weiterlesen<\/a><\/p>\n","protected":false},"author":1,"featured_media":0,"parent":0,"menu_order":0,"comment_status":"closed","ping_status":"closed","template":"","meta":{"footnotes":""},"class_list":["post-12","page","type-page","status-publish","hentry"],"_links":{"self":[{"href":"https:\/\/www.pontoniere-eglisau.ch\/index.php?rest_route=\/wp\/v2\/pages\/12","targetHints":{"allow":["GET"]}}],"collection":[{"href":"https:\/\/www.pontoniere-eglisau.ch\/index.php?rest_route=\/wp\/v2\/pages"}],"about":[{"href":"https:\/\/www.pontoniere-eglisau.ch\/index.php?rest_route=\/wp\/v2\/types\/page"}],"author":[{"embeddable":true,"href":"https:\/\/www.pontoniere-eglisau.ch\/index.php?rest_route=\/wp\/v2\/users\/1"}],"replies":[{"embeddable":true,"href":"https:\/\/www.pontoniere-eglisau.ch\/index.php?rest_route=%2Fwp%2Fv2%2Fcomments&post=12"}],"version-history":[{"count":5,"href":"https:\/\/www.pontoniere-eglisau.ch\/index.php?rest_route=\/wp\/v2\/pages\/12\/revisions"}],"predecessor-version":[{"id":177,"href":"https:\/\/www.pontoniere-eglisau.ch\/index.php?rest_route=\/wp\/v2\/pages\/12\/revisions\/177"}],"wp:attachment":[{"href":"https:\/\/www.pontoniere-eglisau.ch\/index.php?rest_route=%2Fwp%2Fv2%2Fmedia&parent=12"}],"curies":[{"name":"wp","href":"https:\/\/api.w.org\/{rel}","templated":true}]}}